{"id":43,"date":"2022-07-01T08:59:10","date_gmt":"2022-07-01T08:59:10","guid":{"rendered":"https:\/\/aure3.ch\/?page_id=43"},"modified":"2025-08-12T08:17:02","modified_gmt":"2025-08-12T08:17:02","slug":"teilnehmen","status":"publish","type":"page","link":"https:\/\/aure3.ch\/index.php\/teilnehmen\/","title":{"rendered":"Kurse besuchen"},"content":{"rendered":"\n<p>Wir bieten jedes Jahr verschiedene Kurse f\u00fcr die Aus- und Weiterbildung angehender und aktiver Leitenden an.<\/p>\n\n\n\n<p><strong>Vorbasiskurse<\/strong><br>Die Vorbasiskurse (Leitpfadi-, Pio- und Futurakurse) werden von den Regionen bzw. Korps der Ausbildungsregion 3 organisiert. Bei Fragen zur Anmeldung f\u00fcr Vorbasiskurse, wende dich bitte an die Ausbildungsverantwortlichen deiner Region\/deines Korps.<\/p>\n\n\n\n<p>Pfadi am Pfannenstil: ausbildungpap [\u00e4t] aure3.ch<br>Pfadi Z\u00fcri Oberland: ausbildungpzo [\u00e4] aure3.ch<\/p>\n\n\n\n<p><strong>Basis- und Aufbaukurse<\/strong><br>Die AuRe 3 bietet jedes Jahr einen Basiskurs Wolfsstufe, einen Basiskurs Pfadistufe und zwei Aufbaukurse Mixed an. Die Kurse finden normalerweise im Fr\u00fchling statt.<\/p>\n\n\n\n<p>Anmeldebeginn f\u00fcr die Fr\u00fchlingskurssaison ist der 01. September. Anmeldeschluss der 31. Oktober. Die Pl\u00e4tze werden bei \u00dcberbuchung grunds\u00e4tzlich nach Anmeldedatum vergeben.<\/p>\n\n\n\n<p>S\u00e4mtliche Informationen zur Anmeldung findest du in der <a rel=\"noreferrer noopener\" href=\"https:\/\/db.scout.ch\/de\/list_courses\" data-type=\"URL\" data-id=\"https:\/\/db.scout.ch\/de\/list_courses\" target=\"_blank\">MiData<\/a> in der Kursbeschreibung des jeweiligen Kurses.<\/p>\n\n\n\n<p>Falls dir keines dieser Daten passt und es einen externen Kurs gibt, an welchem du teilnehmen m\u00f6chtest, melde dich bitte bei der AuRe (info [\u00e4t] aure3.ch). Die Anmeldung in ausserregionale Kurse muss \u00fcber die AuRe laufen.<br><\/p>\n\n\n\n<p><\/p>\n","protected":false},"excerpt":{"rendered":"<p>Wir bieten jedes Jahr verschiedene Kurse f\u00fcr die Aus- und Weiterbildung angehender und aktiver Leitenden an. VorbasiskurseDie Vorbasiskurse (Leitpfadi-, Pio- und Futurakurse) werden von den Regionen bzw. Korps der Ausbildungsregion 3 organisiert. Bei Fragen zur Anmeldung f\u00fcr Vorbasiskurse, wende dich bitte an die Ausbildungsverantwortlichen deiner Region\/deines Korps. Pfadi am Pfannenstil: ausbildungpap [\u00e4t] aure3.chPfadi Z\u00fcri Oberland: [&hellip;]<\/p>\n","protected":false},"author":1,"featured_media":0,"parent":0,"menu_order":0,"comment_status":"closed","ping_status":"closed","template":"","meta":{"footnotes":""},"class_list":["post-43","page","type-page","status-publish","hentry"],"_links":{"self":[{"href":"https:\/\/aure3.ch\/index.php\/wp-json\/wp\/v2\/pages\/43","targetHints":{"allow":["GET"]}}],"collection":[{"href":"https:\/\/aure3.ch\/index.php\/wp-json\/wp\/v2\/pages"}],"about":[{"href":"https:\/\/aure3.ch\/index.php\/wp-json\/wp\/v2\/types\/page"}],"author":[{"embeddable":true,"href":"https:\/\/aure3.ch\/index.php\/wp-json\/wp\/v2\/users\/1"}],"replies":[{"embeddable":true,"href":"https:\/\/aure3.ch\/index.php\/wp-json\/wp\/v2\/comments?post=43"}],"version-history":[{"count":16,"href":"https:\/\/aure3.ch\/index.php\/wp-json\/wp\/v2\/pages\/43\/revisions"}],"predecessor-version":[{"id":88,"href":"https:\/\/aure3.ch\/index.php\/wp-json\/wp\/v2\/pages\/43\/revisions\/88"}],"wp:attachment":[{"href":"https:\/\/aure3.ch\/index.php\/wp-json\/wp\/v2\/media?parent=43"}],"curies":[{"name":"wp","href":"https:\/\/api.w.org\/{rel}","templated":true}]}}